{"id":1447,"date":"2025-09-19T18:36:19","date_gmt":"2025-09-19T18:36:19","guid":{"rendered":"https:\/\/carinazermatt.ch\/aufenthalt\/"},"modified":"2026-02-13T12:38:26","modified_gmt":"2026-02-13T12:38:26","slug":"votre-sejour","status":"publish","type":"page","link":"https:\/\/carinazermatt.ch\/fr\/votre-sejour\/","title":{"rendered":"Votre S\u00e9jour"},"content":{"rendered":"","protected":false},"excerpt":{"rendered":"","protected":false},"author":2,"featured_media":0,"parent":0,"menu_order":0,"comment_status":"closed","ping_status":"closed","template":"page-templates\/page-stay.php","meta":{"_acf_changed":false,"footnotes":""},"class_list":["post-1447","page","type-page","status-publish","hentry"],"acf":[],"yoast_head":"<!-- This site is optimized with the Yoast SEO plugin v27.2 - https:\/\/yoast.com\/product\/yoast-seo-wordpress\/ -->\n<title>Votre S\u00e9jour - Hotel Carina Zermatt<\/title>\n<meta name=\"description\" content=\"Au Carina Zermatt, calme, chaleur et design se r\u00e9unissent pour cr\u00e9er un lieu de v\u00e9ritable d\u00e9tente.\" \/>\n<meta name=\"robots\" content=\"index, follow, max-snippet:-1, max-image-preview:large, max-video-preview:-1\" \/>\n<link rel=\"canonical\" href=\"https:\/\/carinazermatt.ch\/fr\/votre-sejour\/\" \/>\n<meta property=\"og:locale\" content=\"fr_FR\" \/>\n<meta property=\"og:type\" content=\"article\" \/>\n<meta property=\"og:title\" content=\"Votre S\u00e9jour - Hotel Carina Zermatt\" \/>\n<meta property=\"og:description\" content=\"Au Carina Zermatt, calme, chaleur et design se r\u00e9unissent pour cr\u00e9er un lieu de v\u00e9ritable d\u00e9tente.\" \/>\n<meta property=\"og:url\" content=\"https:\/\/carinazermatt.ch\/fr\/votre-sejour\/\" \/>\n<meta property=\"og:site_name\" content=\"Hotel Carina Zermatt\" \/>\n<meta property=\"article:modified_time\" content=\"2026-02-13T12:38:26+00:00\" \/>\n<meta name=\"twitter:card\" content=\"summary_large_image\" \/>\n<script type=\"application\/ld+json\" class=\"yoast-schema-graph\">{\"@context\":\"https:\/\/schema.org\",\"@graph\":[{\"@type\":\"WebPage\",\"@id\":\"https:\/\/carinazermatt.ch\/fr\/votre-sejour\/\",\"url\":\"https:\/\/carinazermatt.ch\/fr\/votre-sejour\/\",\"name\":\"Votre S\u00e9jour - Hotel Carina Zermatt\",\"isPartOf\":{\"@id\":\"https:\/\/carinazermatt.ch\/fr\/#website\"},\"datePublished\":\"2025-09-19T18:36:19+00:00\",\"dateModified\":\"2026-02-13T12:38:26+00:00\",\"description\":\"Au Carina Zermatt, calme, chaleur et design se r\u00e9unissent pour cr\u00e9er un lieu de v\u00e9ritable d\u00e9tente.\",\"breadcrumb\":{\"@id\":\"https:\/\/carinazermatt.ch\/fr\/votre-sejour\/#breadcrumb\"},\"inLanguage\":\"fr-FR\",\"potentialAction\":[{\"@type\":\"ReadAction\",\"target\":[\"https:\/\/carinazermatt.ch\/fr\/votre-sejour\/\"]}]},{\"@type\":\"BreadcrumbList\",\"@id\":\"https:\/\/carinazermatt.ch\/fr\/votre-sejour\/#breadcrumb\",\"itemListElement\":[{\"@type\":\"ListItem\",\"position\":1,\"name\":\"Home\",\"item\":\"https:\/\/carinazermatt.ch\/fr\/\"},{\"@type\":\"ListItem\",\"position\":2,\"name\":\"Votre S\u00e9jour\"}]},{\"@type\":\"WebSite\",\"@id\":\"https:\/\/carinazermatt.ch\/fr\/#website\",\"url\":\"https:\/\/carinazermatt.ch\/fr\/\",\"name\":\"carinazermatt\",\"description\":\"\",\"publisher\":{\"@id\":\"https:\/\/carinazermatt.ch\/fr\/#organization\"},\"potentialAction\":[{\"@type\":\"SearchAction\",\"target\":{\"@type\":\"EntryPoint\",\"urlTemplate\":\"https:\/\/carinazermatt.ch\/fr\/?s={search_term_string}\"},\"query-input\":{\"@type\":\"PropertyValueSpecification\",\"valueRequired\":true,\"valueName\":\"search_term_string\"}}],\"inLanguage\":\"fr-FR\"},{\"@type\":\"Organization\",\"@id\":\"https:\/\/carinazermatt.ch\/fr\/#organization\",\"name\":\"carinazermatt\",\"url\":\"https:\/\/carinazermatt.ch\/fr\/\",\"logo\":{\"@type\":\"ImageObject\",\"inLanguage\":\"fr-FR\",\"@id\":\"https:\/\/carinazermatt.ch\/fr\/#\/schema\/logo\/image\/\",\"url\":\"https:\/\/carinazermatt.yournewwebsite.ch\/wp-content\/uploads\/Carina-logo.png\",\"contentUrl\":\"https:\/\/carinazermatt.yournewwebsite.ch\/wp-content\/uploads\/Carina-logo.png\",\"width\":324,\"height\":86,\"caption\":\"carinazermatt\"},\"image\":{\"@id\":\"https:\/\/carinazermatt.ch\/fr\/#\/schema\/logo\/image\/\"}}]}<\/script>\n<!-- \/ Yoast SEO plugin. -->","yoast_head_json":{"title":"Votre S\u00e9jour - Hotel Carina Zermatt","description":"Au Carina Zermatt, calme, chaleur et design se r\u00e9unissent pour cr\u00e9er un lieu de v\u00e9ritable d\u00e9tente.","robots":{"index":"index","follow":"follow","max-snippet":"max-snippet:-1","max-image-preview":"max-image-preview:large","max-video-preview":"max-video-preview:-1"},"canonical":"https:\/\/carinazermatt.ch\/fr\/votre-sejour\/","og_locale":"fr_FR","og_type":"article","og_title":"Votre S\u00e9jour - Hotel Carina Zermatt","og_description":"Au Carina Zermatt, calme, chaleur et design se r\u00e9unissent pour cr\u00e9er un lieu de v\u00e9ritable d\u00e9tente.","og_url":"https:\/\/carinazermatt.ch\/fr\/votre-sejour\/","og_site_name":"Hotel Carina Zermatt","article_modified_time":"2026-02-13T12:38:26+00:00","twitter_card":"summary_large_image","schema":{"@context":"https:\/\/schema.org","@graph":[{"@type":"WebPage","@id":"https:\/\/carinazermatt.ch\/fr\/votre-sejour\/","url":"https:\/\/carinazermatt.ch\/fr\/votre-sejour\/","name":"Votre S\u00e9jour - Hotel Carina Zermatt","isPartOf":{"@id":"https:\/\/carinazermatt.ch\/fr\/#website"},"datePublished":"2025-09-19T18:36:19+00:00","dateModified":"2026-02-13T12:38:26+00:00","description":"Au Carina Zermatt, calme, chaleur et design se r\u00e9unissent pour cr\u00e9er un lieu de v\u00e9ritable d\u00e9tente.","breadcrumb":{"@id":"https:\/\/carinazermatt.ch\/fr\/votre-sejour\/#breadcrumb"},"inLanguage":"fr-FR","potentialAction":[{"@type":"ReadAction","target":["https:\/\/carinazermatt.ch\/fr\/votre-sejour\/"]}]},{"@type":"BreadcrumbList","@id":"https:\/\/carinazermatt.ch\/fr\/votre-sejour\/#breadcrumb","itemListElement":[{"@type":"ListItem","position":1,"name":"Home","item":"https:\/\/carinazermatt.ch\/fr\/"},{"@type":"ListItem","position":2,"name":"Votre S\u00e9jour"}]},{"@type":"WebSite","@id":"https:\/\/carinazermatt.ch\/fr\/#website","url":"https:\/\/carinazermatt.ch\/fr\/","name":"carinazermatt","description":"","publisher":{"@id":"https:\/\/carinazermatt.ch\/fr\/#organization"},"potentialAction":[{"@type":"SearchAction","target":{"@type":"EntryPoint","urlTemplate":"https:\/\/carinazermatt.ch\/fr\/?s={search_term_string}"},"query-input":{"@type":"PropertyValueSpecification","valueRequired":true,"valueName":"search_term_string"}}],"inLanguage":"fr-FR"},{"@type":"Organization","@id":"https:\/\/carinazermatt.ch\/fr\/#organization","name":"carinazermatt","url":"https:\/\/carinazermatt.ch\/fr\/","logo":{"@type":"ImageObject","inLanguage":"fr-FR","@id":"https:\/\/carinazermatt.ch\/fr\/#\/schema\/logo\/image\/","url":"https:\/\/carinazermatt.yournewwebsite.ch\/wp-content\/uploads\/Carina-logo.png","contentUrl":"https:\/\/carinazermatt.yournewwebsite.ch\/wp-content\/uploads\/Carina-logo.png","width":324,"height":86,"caption":"carinazermatt"},"image":{"@id":"https:\/\/carinazermatt.ch\/fr\/#\/schema\/logo\/image\/"}}]}},"_links":{"self":[{"href":"https:\/\/carinazermatt.ch\/fr\/wp-json\/wp\/v2\/pages\/1447","targetHints":{"allow":["GET"]}}],"collection":[{"href":"https:\/\/carinazermatt.ch\/fr\/wp-json\/wp\/v2\/pages"}],"about":[{"href":"https:\/\/carinazermatt.ch\/fr\/wp-json\/wp\/v2\/types\/page"}],"author":[{"embeddable":true,"href":"https:\/\/carinazermatt.ch\/fr\/wp-json\/wp\/v2\/users\/2"}],"replies":[{"embeddable":true,"href":"https:\/\/carinazermatt.ch\/fr\/wp-json\/wp\/v2\/comments?post=1447"}],"version-history":[{"count":9,"href":"https:\/\/carinazermatt.ch\/fr\/wp-json\/wp\/v2\/pages\/1447\/revisions"}],"predecessor-version":[{"id":2777,"href":"https:\/\/carinazermatt.ch\/fr\/wp-json\/wp\/v2\/pages\/1447\/revisions\/2777"}],"wp:attachment":[{"href":"https:\/\/carinazermatt.ch\/fr\/wp-json\/wp\/v2\/media?parent=1447"}],"curies":[{"name":"wp","href":"https:\/\/api.w.org\/{rel}","templated":true}]}}