{"id":1481,"date":"2025-09-30T15:00:13","date_gmt":"2025-09-30T15:00:13","guid":{"rendered":"https:\/\/carinazermatt.ch\/anreise-kontakt\/"},"modified":"2025-12-18T12:48:41","modified_gmt":"2025-12-18T12:48:41","slug":"arrivee-contact","status":"publish","type":"page","link":"https:\/\/carinazermatt.ch\/fr\/arrivee-contact\/","title":{"rendered":"Arriv\u00e9e &#038; contact"},"content":{"rendered":"","protected":false},"excerpt":{"rendered":"","protected":false},"author":3,"featured_media":0,"parent":0,"menu_order":0,"comment_status":"closed","ping_status":"closed","template":"page-templates\/page-arrival-contacts.php","meta":{"_acf_changed":false,"footnotes":""},"class_list":["post-1481","page","type-page","status-publish","hentry"],"acf":[],"yoast_head":"<!-- This site is optimized with the Yoast SEO plugin v27.2 - https:\/\/yoast.com\/product\/yoast-seo-wordpress\/ -->\n<title>Arriv\u00e9e &amp; contact - Hotel Carina Zermatt<\/title>\n<meta name=\"description\" content=\"Toutes les informations de voyage et les coordonn\u00e9es du Carina Zermatt. D\u00e9couvrez comment nous rejoindre facilement et rester en contact.\" \/>\n<meta name=\"robots\" content=\"index, follow, max-snippet:-1, max-image-preview:large, max-video-preview:-1\" \/>\n<link rel=\"canonical\" href=\"https:\/\/carinazermatt.ch\/fr\/arrivee-contact\/\" \/>\n<meta property=\"og:locale\" content=\"fr_FR\" \/>\n<meta property=\"og:type\" content=\"article\" \/>\n<meta property=\"og:title\" content=\"Arriv\u00e9e &amp; contact - Hotel Carina Zermatt\" \/>\n<meta property=\"og:description\" content=\"Toutes les informations de voyage et les coordonn\u00e9es du Carina Zermatt. D\u00e9couvrez comment nous rejoindre facilement et rester en contact.\" \/>\n<meta property=\"og:url\" content=\"https:\/\/carinazermatt.ch\/fr\/arrivee-contact\/\" \/>\n<meta property=\"og:site_name\" content=\"Hotel Carina Zermatt\" \/>\n<meta property=\"article:modified_time\" content=\"2025-12-18T12:48:41+00:00\" \/>\n<meta name=\"twitter:card\" content=\"summary_large_image\" \/>\n<script type=\"application\/ld+json\" class=\"yoast-schema-graph\">{\"@context\":\"https:\/\/schema.org\",\"@graph\":[{\"@type\":\"WebPage\",\"@id\":\"https:\/\/carinazermatt.ch\/fr\/arrivee-contact\/\",\"url\":\"https:\/\/carinazermatt.ch\/fr\/arrivee-contact\/\",\"name\":\"Arriv\u00e9e & contact - Hotel Carina Zermatt\",\"isPartOf\":{\"@id\":\"https:\/\/carinazermatt.ch\/fr\/#website\"},\"datePublished\":\"2025-09-30T15:00:13+00:00\",\"dateModified\":\"2025-12-18T12:48:41+00:00\",\"description\":\"Toutes les informations de voyage et les coordonn\u00e9es du Carina Zermatt. D\u00e9couvrez comment nous rejoindre facilement et rester en contact.\",\"breadcrumb\":{\"@id\":\"https:\/\/carinazermatt.ch\/fr\/arrivee-contact\/#breadcrumb\"},\"inLanguage\":\"fr-FR\",\"potentialAction\":[{\"@type\":\"ReadAction\",\"target\":[\"https:\/\/carinazermatt.ch\/fr\/arrivee-contact\/\"]}]},{\"@type\":\"BreadcrumbList\",\"@id\":\"https:\/\/carinazermatt.ch\/fr\/arrivee-contact\/#breadcrumb\",\"itemListElement\":[{\"@type\":\"ListItem\",\"position\":1,\"name\":\"Home\",\"item\":\"https:\/\/carinazermatt.ch\/fr\/\"},{\"@type\":\"ListItem\",\"position\":2,\"name\":\"Arriv\u00e9e &#038; contact\"}]},{\"@type\":\"WebSite\",\"@id\":\"https:\/\/carinazermatt.ch\/fr\/#website\",\"url\":\"https:\/\/carinazermatt.ch\/fr\/\",\"name\":\"carinazermatt\",\"description\":\"\",\"publisher\":{\"@id\":\"https:\/\/carinazermatt.ch\/fr\/#organization\"},\"potentialAction\":[{\"@type\":\"SearchAction\",\"target\":{\"@type\":\"EntryPoint\",\"urlTemplate\":\"https:\/\/carinazermatt.ch\/fr\/?s={search_term_string}\"},\"query-input\":{\"@type\":\"PropertyValueSpecification\",\"valueRequired\":true,\"valueName\":\"search_term_string\"}}],\"inLanguage\":\"fr-FR\"},{\"@type\":\"Organization\",\"@id\":\"https:\/\/carinazermatt.ch\/fr\/#organization\",\"name\":\"carinazermatt\",\"url\":\"https:\/\/carinazermatt.ch\/fr\/\",\"logo\":{\"@type\":\"ImageObject\",\"inLanguage\":\"fr-FR\",\"@id\":\"https:\/\/carinazermatt.ch\/fr\/#\/schema\/logo\/image\/\",\"url\":\"https:\/\/carinazermatt.yournewwebsite.ch\/wp-content\/uploads\/Carina-logo.png\",\"contentUrl\":\"https:\/\/carinazermatt.yournewwebsite.ch\/wp-content\/uploads\/Carina-logo.png\",\"width\":324,\"height\":86,\"caption\":\"carinazermatt\"},\"image\":{\"@id\":\"https:\/\/carinazermatt.ch\/fr\/#\/schema\/logo\/image\/\"}}]}<\/script>\n<!-- \/ Yoast SEO plugin. -->","yoast_head_json":{"title":"Arriv\u00e9e & contact - Hotel Carina Zermatt","description":"Toutes les informations de voyage et les coordonn\u00e9es du Carina Zermatt. D\u00e9couvrez comment nous rejoindre facilement et rester en contact.","robots":{"index":"index","follow":"follow","max-snippet":"max-snippet:-1","max-image-preview":"max-image-preview:large","max-video-preview":"max-video-preview:-1"},"canonical":"https:\/\/carinazermatt.ch\/fr\/arrivee-contact\/","og_locale":"fr_FR","og_type":"article","og_title":"Arriv\u00e9e & contact - Hotel Carina Zermatt","og_description":"Toutes les informations de voyage et les coordonn\u00e9es du Carina Zermatt. D\u00e9couvrez comment nous rejoindre facilement et rester en contact.","og_url":"https:\/\/carinazermatt.ch\/fr\/arrivee-contact\/","og_site_name":"Hotel Carina Zermatt","article_modified_time":"2025-12-18T12:48:41+00:00","twitter_card":"summary_large_image","schema":{"@context":"https:\/\/schema.org","@graph":[{"@type":"WebPage","@id":"https:\/\/carinazermatt.ch\/fr\/arrivee-contact\/","url":"https:\/\/carinazermatt.ch\/fr\/arrivee-contact\/","name":"Arriv\u00e9e & contact - Hotel Carina Zermatt","isPartOf":{"@id":"https:\/\/carinazermatt.ch\/fr\/#website"},"datePublished":"2025-09-30T15:00:13+00:00","dateModified":"2025-12-18T12:48:41+00:00","description":"Toutes les informations de voyage et les coordonn\u00e9es du Carina Zermatt. D\u00e9couvrez comment nous rejoindre facilement et rester en contact.","breadcrumb":{"@id":"https:\/\/carinazermatt.ch\/fr\/arrivee-contact\/#breadcrumb"},"inLanguage":"fr-FR","potentialAction":[{"@type":"ReadAction","target":["https:\/\/carinazermatt.ch\/fr\/arrivee-contact\/"]}]},{"@type":"BreadcrumbList","@id":"https:\/\/carinazermatt.ch\/fr\/arrivee-contact\/#breadcrumb","itemListElement":[{"@type":"ListItem","position":1,"name":"Home","item":"https:\/\/carinazermatt.ch\/fr\/"},{"@type":"ListItem","position":2,"name":"Arriv\u00e9e &#038; contact"}]},{"@type":"WebSite","@id":"https:\/\/carinazermatt.ch\/fr\/#website","url":"https:\/\/carinazermatt.ch\/fr\/","name":"carinazermatt","description":"","publisher":{"@id":"https:\/\/carinazermatt.ch\/fr\/#organization"},"potentialAction":[{"@type":"SearchAction","target":{"@type":"EntryPoint","urlTemplate":"https:\/\/carinazermatt.ch\/fr\/?s={search_term_string}"},"query-input":{"@type":"PropertyValueSpecification","valueRequired":true,"valueName":"search_term_string"}}],"inLanguage":"fr-FR"},{"@type":"Organization","@id":"https:\/\/carinazermatt.ch\/fr\/#organization","name":"carinazermatt","url":"https:\/\/carinazermatt.ch\/fr\/","logo":{"@type":"ImageObject","inLanguage":"fr-FR","@id":"https:\/\/carinazermatt.ch\/fr\/#\/schema\/logo\/image\/","url":"https:\/\/carinazermatt.yournewwebsite.ch\/wp-content\/uploads\/Carina-logo.png","contentUrl":"https:\/\/carinazermatt.yournewwebsite.ch\/wp-content\/uploads\/Carina-logo.png","width":324,"height":86,"caption":"carinazermatt"},"image":{"@id":"https:\/\/carinazermatt.ch\/fr\/#\/schema\/logo\/image\/"}}]}},"_links":{"self":[{"href":"https:\/\/carinazermatt.ch\/fr\/wp-json\/wp\/v2\/pages\/1481","targetHints":{"allow":["GET"]}}],"collection":[{"href":"https:\/\/carinazermatt.ch\/fr\/wp-json\/wp\/v2\/pages"}],"about":[{"href":"https:\/\/carinazermatt.ch\/fr\/wp-json\/wp\/v2\/types\/page"}],"author":[{"embeddable":true,"href":"https:\/\/carinazermatt.ch\/fr\/wp-json\/wp\/v2\/users\/3"}],"replies":[{"embeddable":true,"href":"https:\/\/carinazermatt.ch\/fr\/wp-json\/wp\/v2\/comments?post=1481"}],"version-history":[{"count":5,"href":"https:\/\/carinazermatt.ch\/fr\/wp-json\/wp\/v2\/pages\/1481\/revisions"}],"predecessor-version":[{"id":2302,"href":"https:\/\/carinazermatt.ch\/fr\/wp-json\/wp\/v2\/pages\/1481\/revisions\/2302"}],"wp:attachment":[{"href":"https:\/\/carinazermatt.ch\/fr\/wp-json\/wp\/v2\/media?parent=1481"}],"curies":[{"name":"wp","href":"https:\/\/api.w.org\/{rel}","templated":true}]}}